{"id":2884,"date":"2025-05-25T11:37:48","date_gmt":"2025-05-25T11:37:48","guid":{"rendered":"https:\/\/www.vestumaqui.com\/?page_id=2884"},"modified":"2025-05-25T15:36:13","modified_gmt":"2025-05-25T15:36:13","slug":"condiciones-de-uso","status":"publish","type":"page","link":"https:\/\/www.vestumaqui.com\/?page_id=2884","title":{"rendered":"Condiciones de Uso"},"content":{"rendered":"\n<p><strong>CONDICIONES DE USO<\/strong><\/p>\n\n\n\n<p>Las presentes Condiciones Generales tienen por objeto regular las condiciones de uso y utilizaci\u00f3n del portal de Internet emplazado en la direcci\u00f3n\u00a0www.vestumaqui.com\u00a0cuyo objeto social es la comercializaci\u00f3n y venta de suministros industriales, material de seguridad en el trabajo a trav\u00e9s de internet. La mencionada p\u00e1gina web ha sido elaborada, creada y dise\u00f1ada para dar a conocer y permitir el acceso a la informaci\u00f3n en ella contenida, con las restricciones y limitaciones que imponen las presentes Condiciones Generales, as\u00ed como permitir y posibilitar el acceso a otras p\u00e1ginas con las que el Portal tenga relaciones comerciales, profesionales o de cualquier otra \u00edndole. La mera utilizaci\u00f3n del portal, atribuye a qui\u00e9n haga uso de ella, la condici\u00f3n de Usuario, qui\u00e9n declara conocer y aceptar sin reserva ni excepci\u00f3n alguna, todas y cada una de las Condiciones Generales que en este documento se exponen. La sociedad propietaria de la web est\u00e1 facultada para modificar unilateralmente todas y cada una de las obligaciones dispuestas en las presentes Condiciones Generales, sin necesidad de previo aviso. Igualmente est\u00e1 capacitada para reestructurar, modificar o eliminar cualquier informaci\u00f3n, servicio o contenido incluido en el Portal, sin necesidad de previo aviso. La modificaci\u00f3n de cualquiera de las presentes condiciones generales para un caso particular s\u00f3lo tendr\u00e1 validez cuando haya sido recogida por escrito y firmada por los representantes legales de cada parte.<\/p>\n\n\n\n<p><strong><em>Precios aplicados a nuestros productos<\/em><\/strong><\/p>\n\n\n\n<p>Todos nuestros productos se muestran con precios&nbsp;<strong>\u00abI.V.A. INCLUIDO\u00bb<\/strong>&nbsp;salvo que usted sea un cliente profesional, caso en el se le indicar\u00e1 junto al precio del producto el mensaje \u00abI.V.A. NO INCLUIDO\u00bb una vez logueado.<\/p>\n\n\n\n<p><strong><em>Condiciones por cambios o erratas sobre los precios aplicados a nuestros productos<\/em><\/strong><\/p>\n\n\n\n<p>Ante cualquier cambio de precios no aplicado sobre nuestros productos a tiempo real, o ante cualquier errata detectada sobre cualquiera de los precios aplicados sobre el total de productos de nuestra site; Vicolive 2016 sl. se reserva el derecho a informar al cliente(previo al env\u00edo del pedido) que haya adquirido cualquiera de tales productos del error ofreciendo a este las siguientes opciones:<br>1-. Abonar la diferencia por parte del cliente sobre el total del producto mediante transferencia bancaria o Paypal.<br>2-. Solicitar la devoluci\u00f3n del importe del producto o el importe total, momento en el cual efectuaremos por nuestra parte el abono del importe del producto o del total del carrito por el mismo m\u00e9todo que el cliente haya seleccionado en su compra.<\/p>\n\n\n\n<p><strong><em>Condiciones por rotura de stock<\/em><\/strong><\/p>\n\n\n\n<p>Vestumaqui se reserva el derecho de informar al cliente ante cualquier rotura stock no detectada a tiempo real ofreci\u00e9ndole al mismo las siguientes opciones:<br>1-. Esperar por parte del cliente a la entrada del producto a nuestros almacenes informando para ello al cliente de un plazo estimado. En tal caso los gastos de env\u00edo adicionales correr\u00e1n a cuenta de Vicolive 2016 sl<br>2-.Solicitar la devoluci\u00f3n del importe del producto, momento en el cual efectuaremos por nuestra parte el abono del importe del producto o del total del carrito por el mismo m\u00e9todo que el cliente haya seleccionado en su compra. V\u00e9ase tambi\u00e9n&nbsp;<a href=\"https:\/\/www.vestumaqui.com\/politica-de-devoluciones-y-reembolsos\/\">POL\u00cdTICA DE DEVOLUCI\u00d3N<\/a><\/p>\n\n\n\n<p><strong><em>Condiciones y costes transporte cliente profesional<\/em><\/strong><\/p>\n\n\n\n<p>Para las compras realizadas a trav\u00e9s del \u00e1rea de clientes privados de nuestra p\u00e1gina web, las condiciones de gastos de env\u00edos depender\u00e1n del destino de cada pedido. La siguiente tabla muestra la relaci\u00f3n econ\u00f3mica de dichos gastos, atendido a la zona geogr\u00e1fica donde deba ser enviado.<\/p>\n\n\n\n<figure class=\"wp-block-table\"><div class=\"pcrstb-wrap\"><table class=\"has-fixed-layout\"><tbody><tr><td><\/td><td><strong>PRECIOS DE LOS&nbsp;PORTES*&nbsp;<\/strong><\/td><td><strong>Portes gratis a partir de*<\/strong><\/td><\/tr><tr><td><strong>M\u00e1laga<\/strong><\/td><td>7&nbsp;\u20ac<\/td><td>150&nbsp;\u20ac<\/td><\/tr><tr><td><\/td><td>&nbsp;<\/td><td>&nbsp;<\/td><\/tr><tr><td><strong>Pen\u00ednsula<\/strong><\/td><td>15&nbsp;\u20ac<\/td><td>250&nbsp;\u20ac<\/td><\/tr><tr><td><strong>Canarias y Baleares<\/strong><\/td><td>Consultar<\/td><td>Consultar<\/td><\/tr><\/tbody><\/table><\/div><\/figure>\n\n\n\n<p><br>* ART\u00cdCULOS ESPECIALES. Dichos precios ser\u00e1n aplicables de forma general a la mayor\u00eda de productos de la p\u00e1gina web. Debido a su volumen o a sus caracter\u00edsticas espec\u00edficas existen diferentes productos a los que se les aplicar\u00e1n gastos de env\u00edos diferentes a los aplicables en esta tabla. En tal caso se informar\u00e1 y presupuestar\u00e1 de los art\u00edculos excepcionales al cliente previo al env\u00edo del pedido.<\/p>\n\n\n\n<p>RECOGIDA POR LA AGENCIA DEL CLIENTE. De igual forma existe la opci\u00f3n de que el pedido se deje preparado en nuestros almacenes y el cliente mande su propia agencia de transporte para recogerlo. En este caso se establecer\u00e1 una comunicaci\u00f3n directa con el cliente para pactar los detalles de la orden buscando la m\u00e1xima eficacia. Este tipo de servicio no tiene ning\u00fan tipo de gasto de env\u00edo para el cliente.<\/p>\n\n\n\n<p><strong>Derechos y Obligaciones del Usuario<\/strong><\/p>\n\n\n\n<p><strong><em>Condiciones de Acceso y Uso<\/em><\/strong><\/p>\n\n\n\n<p>A trav\u00e9s de la direcci\u00f3n emplazada en&nbsp;www.vestumaqui.com&nbsp;cualquier usuario cliente de Vicolive 2016 sl, podr\u00e1 acceder gratuitamente a la informaci\u00f3n contenida en la citada p\u00e1gina web. Las condiciones de acceso al Portal est\u00e1n supeditadas a las disposiciones legales vigentes en cada momento, as\u00ed como a los principios de buena fe y uso licito por parte del Usuario, prohibi\u00e9ndose expresa y taxativamente cualquier tipo de actuaci\u00f3n que pudiera ir en detrimento o perjuicio del Portal o de terceros.<\/p>\n\n\n\n<p><strong><em>Contenido y Actuaciones del Usuario<\/em><\/strong><\/p>\n\n\n\n<p>El Usuario se compromete a hacer un uso licito, diligente, honrado y correcto de cuanta informaci\u00f3n o contenido tenga acceso bien a trav\u00e9s de la p\u00e1gina web de&nbsp;www.vestumaqui.como de terceros previamente proporcionada por&nbsp;www.vestumaqui.com&nbsp;y todo ello bajo los principios de la buena fe y con respeto en todo momento a la legalidad vigente. El Usuario deber\u00e1 abstenerse de obtener, salvo para uso personal, cuanta informaci\u00f3n (enti\u00e9ndase por informaci\u00f3n como cualquier mensaje, archivos de sonido, fotograf\u00edas, dibujos, software y en general cualquier clase o tipo de archivo inform\u00e1tico, gr\u00e1fico etc..) que sea propiedad del Portal. Igualmente el Usuario adquiere el compromiso de no provocar ni maliciosa ni intencionadamente da\u00f1os o perjuicios que puedan menoscabar, alterar el propio Portal as\u00ed como no introducir, ni difundir los denominados \u201cvirus inform\u00e1ticos\u201d que puedan producir alteraciones no autorizadas de los contenidos o sistemas integrantes del Portal. El compromiso adquirido se ha de regir sobre la utilizaci\u00f3n contenidos de conformidad con lo dispuesto en la ley, moral y orden publico; no copiar, reproducir, distribuir, ceder, transformar o modificar los contenidos sin previo consentimiento y avisando previamente.<\/p>\n","protected":false},"excerpt":{"rendered":"<p>CONDICIONES DE USO Las presentes Condiciones Generales tienen por objeto regular las condiciones de uso y utilizaci\u00f3n del portal de Internet emplazado en la direcci\u00f3n\u00a0www.vestumaqui.com\u00a0cuyo objeto social es la comercializaci\u00f3n&hellip;<\/p>\n","protected":false},"author":1,"featured_media":0,"parent":0,"menu_order":0,"comment_status":"closed","ping_status":"closed","template":"","meta":{"_lmt_disableupdate":"","_lmt_disable":"","footnotes":""},"class_list":["post-2884","page","type-page","status-publish","hentry"],"_links":{"self":[{"href":"https:\/\/www.vestumaqui.com\/index.php?rest_route=\/wp\/v2\/pages\/2884","targetHints":{"allow":["GET"]}}],"collection":[{"href":"https:\/\/www.vestumaqui.com\/index.php?rest_route=\/wp\/v2\/pages"}],"about":[{"href":"https:\/\/www.vestumaqui.com\/index.php?rest_route=\/wp\/v2\/types\/page"}],"author":[{"embeddable":true,"href":"https:\/\/www.vestumaqui.com\/index.php?rest_route=\/wp\/v2\/users\/1"}],"replies":[{"embeddable":true,"href":"https:\/\/www.vestumaqui.com\/index.php?rest_route=%2Fwp%2Fv2%2Fcomments&post=2884"}],"version-history":[{"count":2,"href":"https:\/\/www.vestumaqui.com\/index.php?rest_route=\/wp\/v2\/pages\/2884\/revisions"}],"predecessor-version":[{"id":2909,"href":"https:\/\/www.vestumaqui.com\/index.php?rest_route=\/wp\/v2\/pages\/2884\/revisions\/2909"}],"wp:attachment":[{"href":"https:\/\/www.vestumaqui.com\/index.php?rest_route=%2Fwp%2Fv2%2Fmedia&parent=2884"}],"curies":[{"name":"wp","href":"https:\/\/api.w.org\/{rel}","templated":true}]}}