{"id":1914,"date":"2024-12-12T11:02:48","date_gmt":"2024-12-12T11:02:48","guid":{"rendered":"https:\/\/www.vestumaqui.com\/producto\/dt5030-qz-broca-cnica-para-metal-extreme-impact-14-25mm\/"},"modified":"2025-05-24T17:23:30","modified_gmt":"2025-05-24T17:23:30","slug":"dt5030-qz-broca-cnica-para-metal-extreme-impact-14-25mm","status":"publish","type":"product","link":"https:\/\/www.vestumaqui.com\/?product=dt5030-qz-broca-cnica-para-metal-extreme-impact-14-25mm","title":{"rendered":"Broca c\u00f3nica para metal Extreme Impact \u00d8 14-25mm"},"content":{"rendered":"<p>Broca c\u00f3nica para metal Extreme Impact \u00d8 14-25mm<\/p>\n","protected":false},"excerpt":{"rendered":"<p>Broca c\u00f3nica para metal Extreme Impact \u00d8 14-25mm<\/p>\n","protected":false},"featured_media":2595,"template":"","meta":{"_lmt_disableupdate":"no","_lmt_disable":""},"product_brand":[119],"product_cat":[71,95],"product_tag":[],"class_list":{"0":"post-1914","1":"product","2":"type-product","3":"status-publish","4":"has-post-thumbnail","6":"product_brand-dewalt","7":"product_cat-brocas-puntas-y-cincels","8":"product_cat-herramienta-profesional","10":"first","11":"instock","12":"taxable","13":"shipping-taxable","14":"purchasable","15":"product-type-simple"},"_links":{"self":[{"href":"https:\/\/www.vestumaqui.com\/index.php?rest_route=\/wp\/v2\/product\/1914","targetHints":{"allow":["GET"]}}],"collection":[{"href":"https:\/\/www.vestumaqui.com\/index.php?rest_route=\/wp\/v2\/product"}],"about":[{"href":"https:\/\/www.vestumaqui.com\/index.php?rest_route=\/wp\/v2\/types\/product"}],"wp:featuredmedia":[{"embeddable":true,"href":"https:\/\/www.vestumaqui.com\/index.php?rest_route=\/wp\/v2\/media\/2595"}],"wp:attachment":[{"href":"https:\/\/www.vestumaqui.com\/index.php?rest_route=%2Fwp%2Fv2%2Fmedia&parent=1914"}],"wp:term":[{"taxonomy":"product_brand","embeddable":true,"href":"https:\/\/www.vestumaqui.com\/index.php?rest_route=%2Fwp%2Fv2%2Fproduct_brand&post=1914"},{"taxonomy":"product_cat","embeddable":true,"href":"https:\/\/www.vestumaqui.com\/index.php?rest_route=%2Fwp%2Fv2%2Fproduct_cat&post=1914"},{"taxonomy":"product_tag","embeddable":true,"href":"https:\/\/www.vestumaqui.com\/index.php?rest_route=%2Fwp%2Fv2%2Fproduct_tag&post=1914"}],"curies":[{"name":"wp","href":"https:\/\/api.w.org\/{rel}","templated":true}]}}