{"id":2338,"date":"2025-04-28T06:59:50","date_gmt":"2025-04-28T06:59:50","guid":{"rendered":"https:\/\/www.vestumaqui.com\/?post_type=product&#038;p=2338"},"modified":"2025-10-16T00:02:30","modified_gmt":"2025-10-16T00:02:30","slug":"varilla-mezclador-viscosidad-media-m14-600-x-140-mm-2","status":"publish","type":"product","link":"https:\/\/www.vestumaqui.com\/?product=varilla-mezclador-viscosidad-media-m14-600-x-140-mm-2","title":{"rendered":"Varilla Mezclador Viscosidad Alta \/m14\/600x140mm"},"content":{"rendered":"<p><strong>VARILLAS MEZCLADORA &#8211; BATIDOR \u00d8 140x600mm M-14 (colas) MUSSOL<\/strong><\/p>\n<p>Aplicaci\u00f3n universal para mezcla de materiales de alta viscosidad.<\/p>\n<ul>\n<li>Materiales espesos de alta viscosidad<\/li>\n<li>Cemento cola<\/li>\n<li>Mortero de pegado<\/li>\n<li>Masa para juntas<\/li>\n<li>Revoque final soldado<\/li>\n<li>Masilla tapa poros<\/li>\n<\/ul>\n<p><strong>Caracter\u00edsticas:<\/strong><\/p>\n<ul>\n<li>Varilla mezcladora de recambio Mussol<\/li>\n<li>Medidas: longitud 600 mm x \u00d8 140 mm<\/li>\n<li>Tipo de conexi\u00f3n: v\u00e1stago roscado M14, a mezcladores est\u00e1ndar<\/li>\n<li>Uso: espec\u00edfica para mezclas de mortero, cemento y adhesivos (viscosidad media)<\/li>\n<li>Direcci\u00f3n de mezcla: de abajo a arriba<\/li>\n<li>Velocidad de rotaci\u00f3n m\u00e1x: 700 r.p.m<\/li>\n<li>Volumen de mezcla m\u00e1x: 35 Kg<\/li>\n<li>Peso: 1,22 Kg<\/li>\n<li>Material: acero A3.<\/li>\n<li>Acabado: con revestimiento de zinc<\/li>\n<\/ul>\n","protected":false},"excerpt":{"rendered":"<p>VARILLAS MEZCLADORA &#8211; BATIDOR \u00d8 140x600mm M-14 (colas) MUSSOL Aplicaci\u00f3n universal para mezcla de materiales de alta viscosidad. Materiales espesos de alta viscosidad Cemento cola Mortero de pegado Masa para&hellip;<\/p>\n","protected":false},"featured_media":2852,"template":"","meta":{"_lmt_disableupdate":"no","_lmt_disable":""},"product_brand":[118],"product_cat":[95,88],"product_tag":[],"class_list":{"0":"post-2338","1":"product","2":"type-product","3":"status-publish","4":"has-post-thumbnail","6":"product_brand-werku","7":"product_cat-herramienta-profesional","8":"product_cat-herramienta-manuales","10":"first","11":"instock","12":"taxable","13":"shipping-taxable","14":"purchasable","15":"product-type-simple"},"_links":{"self":[{"href":"https:\/\/www.vestumaqui.com\/index.php?rest_route=\/wp\/v2\/product\/2338","targetHints":{"allow":["GET"]}}],"collection":[{"href":"https:\/\/www.vestumaqui.com\/index.php?rest_route=\/wp\/v2\/product"}],"about":[{"href":"https:\/\/www.vestumaqui.com\/index.php?rest_route=\/wp\/v2\/types\/product"}],"wp:featuredmedia":[{"embeddable":true,"href":"https:\/\/www.vestumaqui.com\/index.php?rest_route=\/wp\/v2\/media\/2852"}],"wp:attachment":[{"href":"https:\/\/www.vestumaqui.com\/index.php?rest_route=%2Fwp%2Fv2%2Fmedia&parent=2338"}],"wp:term":[{"taxonomy":"product_brand","embeddable":true,"href":"https:\/\/www.vestumaqui.com\/index.php?rest_route=%2Fwp%2Fv2%2Fproduct_brand&post=2338"},{"taxonomy":"product_cat","embeddable":true,"href":"https:\/\/www.vestumaqui.com\/index.php?rest_route=%2Fwp%2Fv2%2Fproduct_cat&post=2338"},{"taxonomy":"product_tag","embeddable":true,"href":"https:\/\/www.vestumaqui.com\/index.php?rest_route=%2Fwp%2Fv2%2Fproduct_tag&post=2338"}],"curies":[{"name":"wp","href":"https:\/\/api.w.org\/{rel}","templated":true}]}}